{"id":11,"date":"2022-05-31T21:45:00","date_gmt":"2022-05-31T21:45:00","guid":{"rendered":"https:\/\/abrahamsthal-holding.de\/?page_id=11"},"modified":"2025-10-07T06:20:39","modified_gmt":"2025-10-07T06:20:39","slug":"elementor-11","status":"publish","type":"page","link":"https:\/\/abrahamsthal-holding.de\/","title":{"rendered":"Startseite"},"content":{"rendered":"\t\t<div data-elementor-type=\"wp-page\" data-elementor-id=\"11\" class=\"elementor elementor-11\" data-elementor-post-type=\"page\">\n\t\t\t\t\t\t<section class=\"elementor-section elementor-top-section elementor-element elementor-element-6db5c44 elementor-section-content-middle envato-kit-141-top-0 elementor-section-boxed elementor-section-height-default elementor-section-height-default\" data-id=\"6db5c44\" data-element_type=\"section\" data-e-type=\"section\" data-settings=\"{&quot;sticky&quot;:&quot;top&quot;,&quot;sticky_effects_offset&quot;:600,&quot;sticky_on&quot;:[&quot;desktop&quot;,&quot;tablet&quot;,&quot;mobile&quot;],&quot;sticky_offset&quot;:0,&quot;sticky_anchor_link_offset&quot;:0}\">\n\t\t\t\t\t\t<div class=\"elementor-container elementor-column-gap-default\">\n\t\t\t\t\t<div class=\"elementor-column elementor-col-33 elementor-top-column elementor-element elementor-element-5ac39d14\" data-id=\"5ac39d14\" data-element_type=\"column\" data-e-type=\"column\">\n\t\t\t<div class=\"elementor-widget-wrap elementor-element-populated\">\n\t\t\t\t\t\t<div class=\"elementor-element elementor-element-c8ae51c l-logo elementor-widget elementor-widget-image\" data-id=\"c8ae51c\" data-element_type=\"widget\" data-e-type=\"widget\" data-widget_type=\"image.default\">\n\t\t\t\t<div class=\"elementor-widget-container\">\n\t\t\t\t\t\t\t\t\t\t\t\t\t\t\t<img decoding=\"async\" width=\"270\" height=\"133\" src=\"https:\/\/abrahamsthal-holding.de\/wp-content\/uploads\/2022\/05\/Logo-Abraham-transp-weiss.png\" class=\"attachment-large size-large wp-image-46\" alt=\"\" \/>\t\t\t\t\t\t\t\t\t\t\t\t\t\t\t<\/div>\n\t\t\t\t<\/div>\n\t\t\t\t<div class=\"elementor-element elementor-element-940587e d-logo elementor-widget elementor-widget-image\" data-id=\"940587e\" data-element_type=\"widget\" data-e-type=\"widget\" data-widget_type=\"image.default\">\n\t\t\t\t<div class=\"elementor-widget-container\">\n\t\t\t\t\t\t\t\t\t\t\t\t\t\t\t<img decoding=\"async\" width=\"270\" height=\"133\" src=\"https:\/\/abrahamsthal-holding.de\/wp-content\/uploads\/2022\/05\/Logo-Abraham-transp-scharf.png\" class=\"attachment-medium_large size-medium_large wp-image-47\" alt=\"\" \/>\t\t\t\t\t\t\t\t\t\t\t\t\t\t\t<\/div>\n\t\t\t\t<\/div>\n\t\t\t\t\t<\/div>\n\t\t<\/div>\n\t\t\t\t<div class=\"elementor-column elementor-col-33 elementor-top-column elementor-element elementor-element-e6a61a4\" data-id=\"e6a61a4\" data-element_type=\"column\" data-e-type=\"column\">\n\t\t\t<div class=\"elementor-widget-wrap elementor-element-populated\">\n\t\t\t\t\t\t\t<\/div>\n\t\t<\/div>\n\t\t\t\t<div class=\"elementor-column elementor-col-33 elementor-top-column elementor-element elementor-element-24b0abdb\" data-id=\"24b0abdb\" data-element_type=\"column\" data-e-type=\"column\">\n\t\t\t<div class=\"elementor-widget-wrap elementor-element-populated\">\n\t\t\t\t\t\t<section class=\"elementor-section elementor-inner-section elementor-element elementor-element-67c3cc00 elementor-section-boxed elementor-section-height-default elementor-section-height-default\" data-id=\"67c3cc00\" data-element_type=\"section\" data-e-type=\"section\">\n\t\t\t\t\t\t<div class=\"elementor-container elementor-column-gap-no\">\n\t\t\t\t\t<div class=\"elementor-column elementor-col-50 elementor-inner-column elementor-element elementor-element-6a96f31\" data-id=\"6a96f31\" data-element_type=\"column\" data-e-type=\"column\">\n\t\t\t<div class=\"elementor-widget-wrap elementor-element-populated\">\n\t\t\t\t\t\t<div class=\"elementor-element elementor-element-11e70dfd elementor-align-right elementor-hidden-desktop elementor-hidden-tablet elementor-hidden-mobile elementor-widget elementor-widget-button\" data-id=\"11e70dfd\" data-element_type=\"widget\" data-e-type=\"widget\" data-widget_type=\"button.default\">\n\t\t\t\t<div class=\"elementor-widget-container\">\n\t\t\t\t\t\t\t\t\t<div class=\"elementor-button-wrapper\">\n\t\t\t\t\t<a class=\"elementor-button elementor-button-link elementor-size-xs\" href=\"#\">\n\t\t\t\t\t\t<span class=\"elementor-button-content-wrapper\">\n\t\t\t\t\t\t\t\t\t<span class=\"elementor-button-text\">Button<\/span>\n\t\t\t\t\t<\/span>\n\t\t\t\t\t<\/a>\n\t\t\t\t<\/div>\n\t\t\t\t\t\t\t\t<\/div>\n\t\t\t\t<\/div>\n\t\t\t\t\t<\/div>\n\t\t<\/div>\n\t\t\t\t<div class=\"elementor-column elementor-col-50 elementor-inner-column elementor-element elementor-element-29248608\" data-id=\"29248608\" data-element_type=\"column\" data-e-type=\"column\">\n\t\t\t<div class=\"elementor-widget-wrap elementor-element-populated\">\n\t\t\t\t\t\t<div class=\"elementor-element elementor-element-50dacc74 elementor-hidden-desktop elementor-hidden-tablet elementor-hidden-mobile elementor-widget elementor-widget-button\" data-id=\"50dacc74\" data-element_type=\"widget\" data-e-type=\"widget\" data-widget_type=\"button.default\">\n\t\t\t\t<div class=\"elementor-widget-container\">\n\t\t\t\t\t\t\t\t\t<div class=\"elementor-button-wrapper\">\n\t\t\t\t\t<a class=\"elementor-button elementor-button-link elementor-size-xs\" href=\"#\">\n\t\t\t\t\t\t<span class=\"elementor-button-content-wrapper\">\n\t\t\t\t\t\t\t\t\t<span class=\"elementor-button-text\">Button<\/span>\n\t\t\t\t\t<\/span>\n\t\t\t\t\t<\/a>\n\t\t\t\t<\/div>\n\t\t\t\t\t\t\t\t<\/div>\n\t\t\t\t<\/div>\n\t\t\t\t\t<\/div>\n\t\t<\/div>\n\t\t\t\t\t<\/div>\n\t\t<\/section>\n\t\t\t\t\t<\/div>\n\t\t<\/div>\n\t\t\t\t\t<\/div>\n\t\t<\/section>\n\t\t\t\t<section class=\"elementor-section elementor-top-section elementor-element elementor-element-c819db9 elementor-section-boxed elementor-section-height-default elementor-section-height-default\" data-id=\"c819db9\" data-element_type=\"section\" data-e-type=\"section\" data-settings=\"{&quot;background_background&quot;:&quot;classic&quot;}\">\n\t\t\t\t\t\t\t<div class=\"elementor-background-overlay\"><\/div>\n\t\t\t\t\t\t\t<div class=\"elementor-container elementor-column-gap-default\">\n\t\t\t\t\t<div class=\"elementor-column elementor-col-100 elementor-top-column elementor-element elementor-element-b1d1eaa\" data-id=\"b1d1eaa\" data-element_type=\"column\" data-e-type=\"column\">\n\t\t\t<div class=\"elementor-widget-wrap\">\n\t\t\t\t\t\t\t<\/div>\n\t\t<\/div>\n\t\t\t\t\t<\/div>\n\t\t<\/section>\n\t\t\t\t<section class=\"elementor-section elementor-top-section elementor-element elementor-element-a323b1d elementor-section-full_width elementor-section-height-default elementor-section-height-default\" data-id=\"a323b1d\" data-element_type=\"section\" data-e-type=\"section\">\n\t\t\t\t\t\t<div class=\"elementor-container elementor-column-gap-default\">\n\t\t\t\t\t<div class=\"elementor-column elementor-col-50 elementor-top-column elementor-element elementor-element-dec7c6f\" data-id=\"dec7c6f\" data-element_type=\"column\" data-e-type=\"column\">\n\t\t\t<div class=\"elementor-widget-wrap\">\n\t\t\t\t\t\t\t<\/div>\n\t\t<\/div>\n\t\t\t\t<div class=\"elementor-column elementor-col-50 elementor-top-column elementor-element elementor-element-03cd068\" data-id=\"03cd068\" data-element_type=\"column\" data-e-type=\"column\">\n\t\t\t<div class=\"elementor-widget-wrap elementor-element-populated\">\n\t\t\t\t\t\t<div class=\"elementor-element elementor-element-2d5f29f elementor-widget elementor-widget-heading\" data-id=\"2d5f29f\" data-element_type=\"widget\" data-e-type=\"widget\" data-widget_type=\"heading.default\">\n\t\t\t\t<div class=\"elementor-widget-container\">\n\t\t\t\t\t<h2 class=\"elementor-heading-title elementor-size-default\">Wir unterst\u00fctzen Unternehmer bei wichtigen Themen, wie Familien-management, Nachfolge, Verkaufsvorbereitungen und mehr<\/h2>\t\t\t\t<\/div>\n\t\t\t\t<\/div>\n\t\t\t\t\t<\/div>\n\t\t<\/div>\n\t\t\t\t\t<\/div>\n\t\t<\/section>\n\t\t\t\t<section class=\"elementor-section elementor-top-section elementor-element elementor-element-780d1e6 elementor-section-full_width elementor-section-height-default elementor-section-height-default\" data-id=\"780d1e6\" data-element_type=\"section\" data-e-type=\"section\">\n\t\t\t\t\t\t<div class=\"elementor-container elementor-column-gap-default\">\n\t\t\t\t\t<div class=\"elementor-column elementor-col-50 elementor-top-column elementor-element elementor-element-aa15204\" data-id=\"aa15204\" data-element_type=\"column\" data-e-type=\"column\">\n\t\t\t<div class=\"elementor-widget-wrap\">\n\t\t\t\t\t\t\t<\/div>\n\t\t<\/div>\n\t\t\t\t<div class=\"elementor-column elementor-col-50 elementor-top-column elementor-element elementor-element-2a5f99f\" data-id=\"2a5f99f\" data-element_type=\"column\" data-e-type=\"column\">\n\t\t\t<div class=\"elementor-widget-wrap elementor-element-populated\">\n\t\t\t\t\t\t<div class=\"elementor-element elementor-element-80fa920 elementor-widget elementor-widget-heading\" data-id=\"80fa920\" data-element_type=\"widget\" data-e-type=\"widget\" data-widget_type=\"heading.default\">\n\t\t\t\t<div class=\"elementor-widget-container\">\n\t\t\t\t\t<h2 class=\"elementor-heading-title elementor-size-default\">Gemeinsamer Erfolg beginnt mit Vertrauen.<\/h2>\t\t\t\t<\/div>\n\t\t\t\t<\/div>\n\t\t\t\t<div class=\"elementor-element elementor-element-be91cb6 elementor-widget-divider--view-line elementor-widget elementor-widget-divider\" data-id=\"be91cb6\" data-element_type=\"widget\" data-e-type=\"widget\" data-widget_type=\"divider.default\">\n\t\t\t\t<div class=\"elementor-widget-container\">\n\t\t\t\t\t\t\t<div class=\"elementor-divider\">\n\t\t\t<span class=\"elementor-divider-separator\">\n\t\t\t\t\t\t<\/span>\n\t\t<\/div>\n\t\t\t\t\t\t<\/div>\n\t\t\t\t<\/div>\n\t\t\t\t\t<\/div>\n\t\t<\/div>\n\t\t\t\t\t<\/div>\n\t\t<\/section>\n\t\t\t\t<section class=\"elementor-section elementor-top-section elementor-element elementor-element-13369db8 elementor-section-content-middle elementor-section-boxed elementor-section-height-default elementor-section-height-default\" data-id=\"13369db8\" data-element_type=\"section\" data-e-type=\"section\" data-settings=\"{&quot;background_background&quot;:&quot;classic&quot;}\">\n\t\t\t\t\t\t<div class=\"elementor-container elementor-column-gap-default\">\n\t\t\t\t\t<div class=\"elementor-column elementor-col-50 elementor-top-column elementor-element elementor-element-7cafbc6e\" data-id=\"7cafbc6e\" data-element_type=\"column\" data-e-type=\"column\" data-settings=\"{&quot;background_background&quot;:&quot;classic&quot;}\">\n\t\t\t<div class=\"elementor-widget-wrap elementor-element-populated\">\n\t\t\t\t\t\t<div class=\"elementor-element elementor-element-40692872 elementor-widget elementor-widget-heading\" data-id=\"40692872\" data-element_type=\"widget\" data-e-type=\"widget\" data-widget_type=\"heading.default\">\n\t\t\t\t<div class=\"elementor-widget-container\">\n\t\t\t\t\t<h3 class=\"elementor-heading-title elementor-size-default\">Wir \u00fcber uns<\/h3>\t\t\t\t<\/div>\n\t\t\t\t<\/div>\n\t\t\t\t<div class=\"elementor-element elementor-element-5bc3f3fc elementor-widget elementor-widget-heading\" data-id=\"5bc3f3fc\" data-element_type=\"widget\" data-e-type=\"widget\" data-widget_type=\"heading.default\">\n\t\t\t\t<div class=\"elementor-widget-container\">\n\t\t\t\t\t<p class=\"elementor-heading-title elementor-size-small\">Um Unternehmen langfristig zu positionieren oder zu Verkaufen, entwickeln wir mit den Inhabern strategische Perspektiven, operative Ziele und Wertsteigerungen und setzen diese gemeinsam um.<\/p>\t\t\t\t<\/div>\n\t\t\t\t<\/div>\n\t\t\t\t\t<\/div>\n\t\t<\/div>\n\t\t\t\t<div class=\"elementor-column elementor-col-50 elementor-top-column elementor-element elementor-element-4dd56fff\" data-id=\"4dd56fff\" data-element_type=\"column\" data-e-type=\"column\">\n\t\t\t<div class=\"elementor-widget-wrap elementor-element-populated\">\n\t\t\t\t\t\t<div class=\"elementor-element elementor-element-b1136d6 elementor-invisible elementor-widget elementor-widget-image\" data-id=\"b1136d6\" data-element_type=\"widget\" data-e-type=\"widget\" data-settings=\"{&quot;_animation&quot;:&quot;fadeInRight&quot;,&quot;_animation_delay&quot;:500}\" data-widget_type=\"image.default\">\n\t\t\t\t<div class=\"elementor-widget-container\">\n\t\t\t\t\t\t\t\t\t\t\t\t\t\t\t<img decoding=\"async\" src=\"https:\/\/abrahamsthal-holding.de\/wp-content\/uploads\/elementor\/thumbs\/Emobility-ppn9lb7z1e1xlu7p97zlrn2f9d7mf9o2zavzhsp6k0.jpeg\" title=\"Electric,Car,Recharging,With,Charge,Cable,And,Plug,Leading,To\" alt=\"Electric car recharging with charge cable and plug leading to charge point.\" class=\"elementor-animation-float\" loading=\"lazy\" \/>\t\t\t\t\t\t\t\t\t\t\t\t\t\t\t<\/div>\n\t\t\t\t<\/div>\n\t\t\t\t\t<\/div>\n\t\t<\/div>\n\t\t\t\t\t<\/div>\n\t\t<\/section>\n\t\t\t\t<section class=\"elementor-section elementor-top-section elementor-element elementor-element-575c1055 elementor-section-content-middle elementor-reverse-mobile elementor-section-boxed elementor-section-height-default elementor-section-height-default\" data-id=\"575c1055\" data-element_type=\"section\" data-e-type=\"section\" data-settings=\"{&quot;background_background&quot;:&quot;classic&quot;}\">\n\t\t\t\t\t\t<div class=\"elementor-container elementor-column-gap-default\">\n\t\t\t\t\t<div class=\"elementor-column elementor-col-100 elementor-top-column elementor-element elementor-element-c1eb562\" data-id=\"c1eb562\" data-element_type=\"column\" data-e-type=\"column\">\n\t\t\t<div class=\"elementor-widget-wrap elementor-element-populated\">\n\t\t\t\t\t\t<div class=\"elementor-element elementor-element-de38715 elementor-widget elementor-widget-text-editor\" data-id=\"de38715\" data-element_type=\"widget\" data-e-type=\"widget\" data-widget_type=\"text-editor.default\">\n\t\t\t\t<div class=\"elementor-widget-container\">\n\t\t\t\t\t\t\t\t\t<p data-start=\"197\" data-end=\"534\">Seit \u00fcber 25 Jahren begleite ich inhabergef\u00fchrte Unternehmen in unterschiedlichsten Phasen ihrer Entwicklung. In dieser Zeit habe ich gemeinsam mit Unternehmerinnen und Unternehmern viele Situationen analysiert, Weichen gestellt und nachhaltige L\u00f6sungen gefunden \u2013 stets mit dem Ziel, Zukunft zu gestalten, nicht nur Probleme zu l\u00f6sen.<\/p><p data-start=\"536\" data-end=\"877\">Ein zentraler Schwerpunkt meiner Arbeit liegt in der Vorbereitung von Finanzierungen \u2013 sei es f\u00fcr Investoren oder Banken. Deren Blick auf ein Unternehmen ist mir bestens bekannt. Diese operative Begleitung hat sich aus zahlreichen Projekten entwickelt, in denen ich Unternehmen auf eine Nachfolge oder einen Verkauf vorbereitet und sie teils auch nach dem Verkauf weiter betreut habe.<\/p><p data-start=\"879\" data-end=\"1239\">Gerade in Familienunternehmen erlebe ich immer wieder, wie sich Ziele und Vorstellungen \u00fcber Generationen hinweg ver\u00e4ndern. Hier unterst\u00fctze ich Familien und Gesellschaftergruppen dabei, neue Perspektiven zu entwickeln und tragf\u00e4hige Wege zu finden. Oft hilft ein neutraler externer Blick, um wirtschaftliche und pers\u00f6nliche Interessen in Balance zu bringen.<\/p><p data-start=\"1241\" data-end=\"1537\">Ver\u00e4nderungen brauchen Zeit, Vertrauen und Kontinuit\u00e4t. Viele Mandate begleite ich \u00fcber Jahre hinweg \u2013 manchmal in beratender Rolle, manchmal ganz nah an der operativen Umsetzung. Auf Wunsch \u00fcbernehme ich auch Mandate als Beirat oder Aufsichtsrat, wenn eine langfristige Begleitung gefragt ist.<\/p><p data-start=\"1539\" data-end=\"1740\">Meine Arbeit ist gepr\u00e4gt von Werten, die mir pers\u00f6nlich wichtig sind: Ehrlichkeit, Verantwortungsbewusstsein gegen\u00fcber Mitarbeitern und Umwelt, Vertrauen in Menschen und Mut zu klaren Entscheidungen.<\/p>\t\t\t\t\t\t\t\t<\/div>\n\t\t\t\t<\/div>\n\t\t\t\t\t<\/div>\n\t\t<\/div>\n\t\t\t\t\t<\/div>\n\t\t<\/section>\n\t\t\t\t<section class=\"elementor-section elementor-top-section elementor-element elementor-element-23060e75 elementor-section-full_width elementor-section-height-default elementor-section-height-default\" data-id=\"23060e75\" data-element_type=\"section\" data-e-type=\"section\" data-settings=\"{&quot;background_background&quot;:&quot;classic&quot;}\">\n\t\t\t\t\t\t<div class=\"elementor-container elementor-column-gap-default\">\n\t\t\t\t\t<div class=\"elementor-column elementor-col-50 elementor-top-column elementor-element elementor-element-64c42229\" data-id=\"64c42229\" data-element_type=\"column\" data-e-type=\"column\">\n\t\t\t<div class=\"elementor-widget-wrap elementor-element-populated\">\n\t\t\t\t\t\t<div class=\"elementor-element elementor-element-a545e9a elementor-widget elementor-widget-heading\" data-id=\"a545e9a\" data-element_type=\"widget\" data-e-type=\"widget\" data-widget_type=\"heading.default\">\n\t\t\t\t<div class=\"elementor-widget-container\">\n\t\t\t\t\t<h2 class=\"elementor-heading-title elementor-size-default\">Unsere Expertise<\/h2>\t\t\t\t<\/div>\n\t\t\t\t<\/div>\n\t\t\t\t<div class=\"elementor-element elementor-element-6495be7b elementor-widget elementor-widget-text-editor\" data-id=\"6495be7b\" data-element_type=\"widget\" data-e-type=\"widget\" data-widget_type=\"text-editor.default\">\n\t\t\t\t<div class=\"elementor-widget-container\">\n\t\t\t\t\t\t\t\t\t<p>Im Laufe meiner \u00fcber 25 Jahre in Industrie und Beteiligungsgesch\u00e4ft habe ich bei vielen jungen und etablierten Unternehmen die verschiedensten Aufgabenstellungen operativ gel\u00f6st:<\/p>\t\t\t\t\t\t\t\t<\/div>\n\t\t\t\t<\/div>\n\t\t\t\t<div class=\"elementor-element elementor-element-28c96fd elementor-widget-mobile__width-initial elementor-widget elementor-widget-text-editor\" data-id=\"28c96fd\" data-element_type=\"widget\" data-e-type=\"widget\" data-widget_type=\"text-editor.default\">\n\t\t\t\t<div class=\"elementor-widget-container\">\n\t\t\t\t\t\t\t\t\t<ul><li>Mit meinen Teams haben wir in den letzten \u00fcber 20 Jahren\u00a0<strong>\u00fcber 120 Finanzierungen<\/strong>\u00a0in etablierten mittelst\u00e4ndischen Familienunternehmen und \u00fcber\u00a0<strong>100 Finanzierungen in Start-ups<\/strong>\u00a0mit Eigenkapital (und\/oder Mezzanine) umgesetzt sowie rund\u00a0<strong>60 Verk\u00e4ufe<\/strong>\u00a0vorbereitet und realisiert.<\/li><li>Vielfach Familienstrategien entwickelt und mitgestaltet<\/li><li>Lange dauernde Zwistigkeiten von Familienst\u00e4mmen aufgel\u00f6st\u00a0und so f\u00fcr\u00a0alle Seiten hervorragende L\u00f6sungen gefunden.<\/li><li><strong>Operativ konnte ich:<\/strong><ul><li>Unternehmen hands-on als Manager auf Zeit f\u00fchren<\/li><li>Unternehmen neu aufstellen, die Gesch\u00e4ftsprozesse erneuern und so langfristig gesundes Wachstum m\u00f6glich machen.<\/li><li>schnell wachsende oder etablierte Unternehmen in allen Gesch\u00e4ftsprozessen modernisieren, damit diese Zukunfts- und &#8222;Investorenf\u00e4hig&#8220; wurden<\/li><li>Unternehmen (Industrie und Beteiligungsgesellschaften) operativ reorganisieren\/<br \/>restukturieren<\/li><\/ul><\/li><\/ul>\t\t\t\t\t\t\t\t<\/div>\n\t\t\t\t<\/div>\n\t\t\t\t\t<\/div>\n\t\t<\/div>\n\t\t\t\t<div class=\"elementor-column elementor-col-50 elementor-top-column elementor-element elementor-element-124d9547\" data-id=\"124d9547\" data-element_type=\"column\" data-e-type=\"column\">\n\t\t\t<div class=\"elementor-widget-wrap elementor-element-populated\">\n\t\t\t\t\t\t<div class=\"elementor-element elementor-element-3c05daa4 elementor-widget elementor-widget-image\" data-id=\"3c05daa4\" data-element_type=\"widget\" data-e-type=\"widget\" data-widget_type=\"image.default\">\n\t\t\t\t<div class=\"elementor-widget-container\">\n\t\t\t\t\t\t\t\t\t\t\t\t\t\t\t<img decoding=\"async\" src=\"https:\/\/abrahamsthal-holding.de\/wp-content\/uploads\/elementor\/thumbs\/patrick-reichboth-7H7gyMVcyn8-unsplash-1-ppp1tyeydvgvrhacv78h6plgxgwmxu4v1f07pyobpc.jpg\" title=\"patrick-reichboth-7H7gyMVcyn8-unsplash (1)\" alt=\"patrick-reichboth-7H7gyMVcyn8-unsplash (1)\" loading=\"lazy\" \/>\t\t\t\t\t\t\t\t\t\t\t\t\t\t\t<\/div>\n\t\t\t\t<\/div>\n\t\t\t\t\t<\/div>\n\t\t<\/div>\n\t\t\t\t\t<\/div>\n\t\t<\/section>\n\t\t\t\t<section class=\"elementor-section elementor-top-section elementor-element elementor-element-41097c5 elementor-section-boxed elementor-section-height-default elementor-section-height-default\" data-id=\"41097c5\" data-element_type=\"section\" data-e-type=\"section\">\n\t\t\t\t\t\t<div class=\"elementor-container elementor-column-gap-default\">\n\t\t\t\t\t<div class=\"elementor-column elementor-col-33 elementor-top-column elementor-element elementor-element-dacd7a7\" data-id=\"dacd7a7\" data-element_type=\"column\" data-e-type=\"column\">\n\t\t\t<div class=\"elementor-widget-wrap\">\n\t\t\t\t\t\t\t<\/div>\n\t\t<\/div>\n\t\t\t\t<div class=\"elementor-column elementor-col-33 elementor-top-column elementor-element elementor-element-f7b0ced\" data-id=\"f7b0ced\" data-element_type=\"column\" data-e-type=\"column\">\n\t\t\t<div class=\"elementor-widget-wrap\">\n\t\t\t\t\t\t\t<\/div>\n\t\t<\/div>\n\t\t\t\t<div class=\"elementor-column elementor-col-33 elementor-top-column elementor-element elementor-element-00ba000\" data-id=\"00ba000\" data-element_type=\"column\" data-e-type=\"column\">\n\t\t\t<div class=\"elementor-widget-wrap\">\n\t\t\t\t\t\t\t<\/div>\n\t\t<\/div>\n\t\t\t\t\t<\/div>\n\t\t<\/section>\n\t\t\t\t<section class=\"elementor-section elementor-top-section elementor-element elementor-element-b3beff5 elementor-section-boxed elementor-section-height-default elementor-section-height-default\" data-id=\"b3beff5\" data-element_type=\"section\" data-e-type=\"section\" data-settings=\"{&quot;background_background&quot;:&quot;classic&quot;}\">\n\t\t\t\t\t\t<div class=\"elementor-container elementor-column-gap-default\">\n\t\t\t\t\t<div class=\"elementor-column elementor-col-50 elementor-top-column elementor-element elementor-element-d46bc0a\" data-id=\"d46bc0a\" data-element_type=\"column\" data-e-type=\"column\">\n\t\t\t<div class=\"elementor-widget-wrap elementor-element-populated\">\n\t\t\t\t\t\t<div class=\"elementor-element elementor-element-96d10ff elementor-widget elementor-widget-heading\" data-id=\"96d10ff\" data-element_type=\"widget\" data-e-type=\"widget\" data-widget_type=\"heading.default\">\n\t\t\t\t<div class=\"elementor-widget-container\">\n\t\t\t\t\t<h2 class=\"elementor-heading-title elementor-size-default\"><a href=\"https:\/\/abrahamsthal-holding.de\/?page_id=127\">Impressum<\/a><\/h2>\t\t\t\t<\/div>\n\t\t\t\t<\/div>\n\t\t\t\t\t<\/div>\n\t\t<\/div>\n\t\t\t\t<div class=\"elementor-column elementor-col-50 elementor-top-column elementor-element elementor-element-8d069fd\" data-id=\"8d069fd\" data-element_type=\"column\" data-e-type=\"column\">\n\t\t\t<div class=\"elementor-widget-wrap elementor-element-populated\">\n\t\t\t\t\t\t<div class=\"elementor-element elementor-element-1e6be9a elementor-widget elementor-widget-heading\" data-id=\"1e6be9a\" data-element_type=\"widget\" data-e-type=\"widget\" data-widget_type=\"heading.default\">\n\t\t\t\t<div class=\"elementor-widget-container\">\n\t\t\t\t\t<h2 class=\"elementor-heading-title elementor-size-default\"><a href=\"https:\/\/abrahamsthal-holding.de\/?page_id=138\">Datenschutz<\/a><\/h2>\t\t\t\t<\/div>\n\t\t\t\t<\/div>\n\t\t\t\t\t<\/div>\n\t\t<\/div>\n\t\t\t\t\t<\/div>\n\t\t<\/section>\n\t\t\t\t<\/div>\n\t\t","protected":false},"excerpt":{"rendered":"<p>Button Button Wir unterst\u00fctzen Unternehmer bei wichtigen Themen, wie Familien-management, Nachfolge, Verkaufsvorbereitungen und mehr Gemeinsamer Erfolg beginnt mit Vertrauen. Wir \u00fcber uns Um Unternehmen langfristig zu positionieren oder zu Verkaufen, entwickeln wir mit den Inhabern strategische Perspektiven, operative Ziele und Wertsteigerungen und setzen diese gemeinsam um. Seit \u00fcber 25 Jahren begleite ich inhabergef\u00fchrte Unternehmen in [&hellip;]<\/p>\n","protected":false},"author":1,"featured_media":0,"parent":0,"menu_order":0,"comment_status":"closed","ping_status":"closed","template":"elementor_canvas","meta":{"footnotes":""},"class_list":["post-11","page","type-page","status-publish","hentry"],"_links":{"self":[{"href":"https:\/\/abrahamsthal-holding.de\/index.php?rest_route=\/wp\/v2\/pages\/11","targetHints":{"allow":["GET"]}}],"collection":[{"href":"https:\/\/abrahamsthal-holding.de\/index.php?rest_route=\/wp\/v2\/pages"}],"about":[{"href":"https:\/\/abrahamsthal-holding.de\/index.php?rest_route=\/wp\/v2\/types\/page"}],"author":[{"embeddable":true,"href":"https:\/\/abrahamsthal-holding.de\/index.php?rest_route=\/wp\/v2\/users\/1"}],"replies":[{"embeddable":true,"href":"https:\/\/abrahamsthal-holding.de\/index.php?rest_route=%2Fwp%2Fv2%2Fcomments&post=11"}],"version-history":[{"count":116,"href":"https:\/\/abrahamsthal-holding.de\/index.php?rest_route=\/wp\/v2\/pages\/11\/revisions"}],"predecessor-version":[{"id":323,"href":"https:\/\/abrahamsthal-holding.de\/index.php?rest_route=\/wp\/v2\/pages\/11\/revisions\/323"}],"wp:attachment":[{"href":"https:\/\/abrahamsthal-holding.de\/index.php?rest_route=%2Fwp%2Fv2%2Fmedia&parent=11"}],"curies":[{"name":"wp","href":"https:\/\/api.w.org\/{rel}","templated":true}]}}