{"id":127,"date":"2022-06-02T13:18:01","date_gmt":"2022-06-02T13:18:01","guid":{"rendered":"https:\/\/abrahamsthal-holding.de\/?page_id=127"},"modified":"2025-10-07T06:21:37","modified_gmt":"2025-10-07T06:21:37","slug":"impressum","status":"publish","type":"page","link":"https:\/\/abrahamsthal-holding.de\/?page_id=127","title":{"rendered":"Impressum"},"content":{"rendered":"\t\t<div data-elementor-type=\"wp-page\" data-elementor-id=\"127\" class=\"elementor elementor-127\" data-elementor-post-type=\"page\">\n\t\t\t\t\t\t<section class=\"elementor-section elementor-top-section elementor-element elementor-element-28713642 elementor-section-full_width elementor-section-height-min-height elementor-section-height-default elementor-section-items-middle\" data-id=\"28713642\" data-element_type=\"section\" data-e-type=\"section\" data-settings=\"{&quot;background_background&quot;:&quot;classic&quot;,&quot;sticky&quot;:&quot;top&quot;,&quot;sticky_effects_offset&quot;:20,&quot;sticky_on&quot;:[&quot;desktop&quot;,&quot;tablet&quot;,&quot;mobile&quot;],&quot;sticky_offset&quot;:0,&quot;sticky_anchor_link_offset&quot;:0}\">\n\t\t\t\t\t\t<div class=\"elementor-container elementor-column-gap-default\">\n\t\t\t\t\t<div class=\"elementor-column elementor-col-50 elementor-top-column elementor-element elementor-element-19ba626c\" data-id=\"19ba626c\" data-element_type=\"column\" data-e-type=\"column\">\n\t\t\t<div class=\"elementor-widget-wrap elementor-element-populated\">\n\t\t\t\t\t\t<div class=\"elementor-element elementor-element-3b67e648 static-logo elementor-widget elementor-widget-image\" data-id=\"3b67e648\" data-element_type=\"widget\" data-e-type=\"widget\" data-widget_type=\"image.default\">\n\t\t\t\t<div class=\"elementor-widget-container\">\n\t\t\t\t\t\t\t\t\t\t\t\t\t\t\t\t<a href=\"http:\/\/abrahamsthal-holding.de\/\/?page_id=11\">\n\t\t\t\t\t\t\t<img decoding=\"async\" width=\"270\" height=\"133\" src=\"https:\/\/abrahamsthal-holding.de\/wp-content\/uploads\/2022\/05\/Logo-Abraham-transp-scharf.png\" class=\"attachment-medium_large size-medium_large wp-image-47\" alt=\"\" \/>\t\t\t\t\t\t\t\t<\/a>\n\t\t\t\t\t\t\t\t\t\t\t\t\t\t\t<\/div>\n\t\t\t\t<\/div>\n\t\t\t\t\t<\/div>\n\t\t<\/div>\n\t\t\t\t<div class=\"elementor-column elementor-col-50 elementor-top-column elementor-element elementor-element-3303c808\" data-id=\"3303c808\" data-element_type=\"column\" data-e-type=\"column\">\n\t\t\t<div class=\"elementor-widget-wrap\">\n\t\t\t\t\t\t\t<\/div>\n\t\t<\/div>\n\t\t\t\t\t<\/div>\n\t\t<\/section>\n\t\t\t\t<section class=\"elementor-section elementor-top-section elementor-element elementor-element-5eb47dd9 elementor-section-boxed elementor-section-height-default elementor-section-height-default\" data-id=\"5eb47dd9\" data-element_type=\"section\" data-e-type=\"section\" data-settings=\"{&quot;background_background&quot;:&quot;classic&quot;}\">\n\t\t\t\t\t\t\t<div class=\"elementor-background-overlay\"><\/div>\n\t\t\t\t\t\t\t<div class=\"elementor-container elementor-column-gap-default\">\n\t\t\t\t\t<div class=\"elementor-column elementor-col-100 elementor-top-column elementor-element elementor-element-b48916\" data-id=\"b48916\" data-element_type=\"column\" data-e-type=\"column\">\n\t\t\t<div class=\"elementor-widget-wrap elementor-element-populated\">\n\t\t\t\t\t\t<div class=\"elementor-element elementor-element-2d15a0ca elementor-widget elementor-widget-heading\" data-id=\"2d15a0ca\" data-element_type=\"widget\" data-e-type=\"widget\" data-widget_type=\"heading.default\">\n\t\t\t\t<div class=\"elementor-widget-container\">\n\t\t\t\t\t<h2 class=\"elementor-heading-title elementor-size-default\">IMPRESSUM<\/h2>\t\t\t\t<\/div>\n\t\t\t\t<\/div>\n\t\t\t\t\t<\/div>\n\t\t<\/div>\n\t\t\t\t\t<\/div>\n\t\t<\/section>\n\t\t\t\t<section class=\"elementor-section elementor-top-section elementor-element elementor-element-774871bb elementor-section-boxed elementor-section-height-default elementor-section-height-default\" data-id=\"774871bb\" data-element_type=\"section\" data-e-type=\"section\" data-settings=\"{&quot;background_background&quot;:&quot;classic&quot;}\">\n\t\t\t\t\t\t<div class=\"elementor-container elementor-column-gap-default\">\n\t\t\t\t\t<div class=\"elementor-column elementor-col-50 elementor-top-column elementor-element elementor-element-67ea21f9\" data-id=\"67ea21f9\" data-element_type=\"column\" data-e-type=\"column\">\n\t\t\t<div class=\"elementor-widget-wrap elementor-element-populated\">\n\t\t\t\t\t\t<div class=\"elementor-element elementor-element-630e91c elementor-widget elementor-widget-text-editor\" data-id=\"630e91c\" data-element_type=\"widget\" data-e-type=\"widget\" data-widget_type=\"text-editor.default\">\n\t\t\t\t<div class=\"elementor-widget-container\">\n\t\t\t\t\t\t\t\t\t<p>Impressum<br \/>Abrahamsthal Holding UG<\/p><p>Franz-Joseph-Strasse 40<br \/>80801 M\u00fcnchen<br \/>www.abrahamsthal-holding.de<\/p><p>Telefon: \u202d+49 89 925 665-05\u202c<br \/>Email: info@abrahamsthal-holding.de<\/p><p>Gesch\u00e4ftsf\u00fchrer<\/p><p>Karl Christian Vogel<\/p><p>Handelsregister M\u00fcnchen<\/p><p>HRB 251 728<\/p>\t\t\t\t\t\t\t\t<\/div>\n\t\t\t\t<\/div>\n\t\t\t\t\t<\/div>\n\t\t<\/div>\n\t\t\t\t<div class=\"elementor-column elementor-col-50 elementor-top-column elementor-element elementor-element-fe67b7c\" data-id=\"fe67b7c\" data-element_type=\"column\" data-e-type=\"column\">\n\t\t\t<div class=\"elementor-widget-wrap elementor-element-populated\">\n\t\t\t\t\t\t<div class=\"elementor-element elementor-element-237119f6 elementor-widget elementor-widget-google_maps\" data-id=\"237119f6\" data-element_type=\"widget\" data-e-type=\"widget\" data-widget_type=\"google_maps.default\">\n\t\t\t\t<div class=\"elementor-widget-container\">\n\t\t\t\t\t\t\t<div class=\"elementor-custom-embed\">\n\t\t\t<iframe loading=\"lazy\"\n\t\t\t\t\tsrc=\"https:\/\/maps.google.com\/maps?q=Franz-Joseph-Strasse%2040%2080801%20M%C3%BCnchen&#038;t=m&#038;z=10&#038;output=embed&#038;iwloc=near\"\n\t\t\t\t\ttitle=\"Franz-Joseph-Strasse 40 80801 M\u00fcnchen\"\n\t\t\t\t\taria-label=\"Franz-Joseph-Strasse 40 80801 M\u00fcnchen\"\n\t\t\t><\/iframe>\n\t\t<\/div>\n\t\t\t\t\t\t<\/div>\n\t\t\t\t<\/div>\n\t\t\t\t\t<\/div>\n\t\t<\/div>\n\t\t\t\t\t<\/div>\n\t\t<\/section>\n\t\t\t\t<section class=\"elementor-section elementor-top-section elementor-element elementor-element-130a9146 elementor-section-full_width elementor-section-height-default elementor-section-height-default\" data-id=\"130a9146\" data-element_type=\"section\" data-e-type=\"section\" data-settings=\"{&quot;background_background&quot;:&quot;classic&quot;}\">\n\t\t\t\t\t\t<div class=\"elementor-container elementor-column-gap-default\">\n\t\t\t\t\t<div class=\"elementor-column elementor-col-50 elementor-top-column elementor-element elementor-element-7881eb8c\" data-id=\"7881eb8c\" data-element_type=\"column\" data-e-type=\"column\">\n\t\t\t<div class=\"elementor-widget-wrap elementor-element-populated\">\n\t\t\t\t\t\t<div class=\"elementor-element elementor-element-7fdb92fe elementor-widget elementor-widget-image\" data-id=\"7fdb92fe\" data-element_type=\"widget\" data-e-type=\"widget\" data-widget_type=\"image.default\">\n\t\t\t\t<div class=\"elementor-widget-container\">\n\t\t\t\t\t\t\t\t\t\t\t\t\t\t\t<img fetchpriority=\"high\" decoding=\"async\" width=\"768\" height=\"302\" src=\"https:\/\/abrahamsthal-holding.de\/wp-content\/uploads\/2022\/06\/HeimbergHolding-weiss-1-768x302.png\" class=\"attachment-medium_large size-medium_large wp-image-131\" alt=\"\" srcset=\"https:\/\/abrahamsthal-holding.de\/wp-content\/uploads\/2022\/06\/HeimbergHolding-weiss-1-768x302.png 768w, https:\/\/abrahamsthal-holding.de\/wp-content\/uploads\/2022\/06\/HeimbergHolding-weiss-1-300x118.png 300w, https:\/\/abrahamsthal-holding.de\/wp-content\/uploads\/2022\/06\/HeimbergHolding-weiss-1.png 950w\" sizes=\"(max-width: 768px) 100vw, 768px\" \/>\t\t\t\t\t\t\t\t\t\t\t\t\t\t\t<\/div>\n\t\t\t\t<\/div>\n\t\t\t\t\t<\/div>\n\t\t<\/div>\n\t\t\t\t<div class=\"elementor-column elementor-col-50 elementor-top-column elementor-element elementor-element-22ec481\" data-id=\"22ec481\" data-element_type=\"column\" data-e-type=\"column\">\n\t\t\t<div class=\"elementor-widget-wrap elementor-element-populated\">\n\t\t\t\t\t\t<div class=\"elementor-element elementor-element-35a05f65 elementor-widget elementor-widget-text-editor\" data-id=\"35a05f65\" data-element_type=\"widget\" data-e-type=\"widget\" data-widget_type=\"text-editor.default\">\n\t\t\t\t<div class=\"elementor-widget-container\">\n\t\t\t\t\t\t\t\t\t<p style=\"text-align: left;\"><a href=\"http:\/\/heimberg-holding.de\/kontakt-2\/\"><span style=\"color: #ffffff;\">Kontakt<\/span><\/a><br \/><a href=\"http:\/\/heimberg-holding.de\/esg-grundsaetze\/\"><span style=\"color: #ffffff;\">ESG <\/span><\/a><br \/><a href=\"http:\/\/heimberg-holding.de\/kontakt\/\"><span style=\"color: #ffffff;\">Datenschutz<\/span><\/a><br \/><a href=\"http:\/\/heimberg-holding.de\/impressum\/\"><span style=\"color: #ffffff;\">Impressum<\/span><\/a><\/p>\t\t\t\t\t\t\t\t<\/div>\n\t\t\t\t<\/div>\n\t\t\t\t\t<\/div>\n\t\t<\/div>\n\t\t\t\t\t<\/div>\n\t\t<\/section>\n\t\t\t\t<section class=\"elementor-section elementor-top-section elementor-element elementor-element-5ba02f0 elementor-section-boxed elementor-section-height-default elementor-section-height-default\" data-id=\"5ba02f0\" data-element_type=\"section\" data-e-type=\"section\">\n\t\t\t\t\t\t<div class=\"elementor-container elementor-column-gap-default\">\n\t\t\t\t\t<div class=\"elementor-column elementor-col-100 elementor-top-column elementor-element elementor-element-b86bcc1\" data-id=\"b86bcc1\" data-element_type=\"column\" data-e-type=\"column\">\n\t\t\t<div class=\"elementor-widget-wrap elementor-element-populated\">\n\t\t\t\t\t\t\t<\/div>\n\t\t<\/div>\n\t\t\t\t\t<\/div>\n\t\t<\/section>\n\t\t\t\t<\/div>\n\t\t","protected":false},"excerpt":{"rendered":"<p>IMPRESSUM ImpressumAbrahamsthal Holding UG Franz-Joseph-Strasse 4080801 M\u00fcnchenwww.abrahamsthal-holding.de Telefon: \u202d+49 89 925 665-05\u202cEmail: info@abrahamsthal-holding.de Gesch\u00e4ftsf\u00fchrer Karl Christian Vogel Handelsregister M\u00fcnchen HRB 251 728 KontaktESG DatenschutzImpressum<\/p>\n","protected":false},"author":1,"featured_media":0,"parent":0,"menu_order":0,"comment_status":"closed","ping_status":"closed","template":"elementor_canvas","meta":{"footnotes":""},"class_list":["post-127","page","type-page","status-publish","hentry"],"_links":{"self":[{"href":"https:\/\/abrahamsthal-holding.de\/index.php?rest_route=\/wp\/v2\/pages\/127","targetHints":{"allow":["GET"]}}],"collection":[{"href":"https:\/\/abrahamsthal-holding.de\/index.php?rest_route=\/wp\/v2\/pages"}],"about":[{"href":"https:\/\/abrahamsthal-holding.de\/index.php?rest_route=\/wp\/v2\/types\/page"}],"author":[{"embeddable":true,"href":"https:\/\/abrahamsthal-holding.de\/index.php?rest_route=\/wp\/v2\/users\/1"}],"replies":[{"embeddable":true,"href":"https:\/\/abrahamsthal-holding.de\/index.php?rest_route=%2Fwp%2Fv2%2Fcomments&post=127"}],"version-history":[{"count":10,"href":"https:\/\/abrahamsthal-holding.de\/index.php?rest_route=\/wp\/v2\/pages\/127\/revisions"}],"predecessor-version":[{"id":326,"href":"https:\/\/abrahamsthal-holding.de\/index.php?rest_route=\/wp\/v2\/pages\/127\/revisions\/326"}],"wp:attachment":[{"href":"https:\/\/abrahamsthal-holding.de\/index.php?rest_route=%2Fwp%2Fv2%2Fmedia&parent=127"}],"curies":[{"name":"wp","href":"https:\/\/api.w.org\/{rel}","templated":true}]}}